{"id":25,"date":"2019-09-06T09:39:33","date_gmt":"2019-09-06T07:39:33","guid":{"rendered":"http:\/\/mbordignon-psychologue.fr\/?page_id=25"},"modified":"2022-02-06T21:46:02","modified_gmt":"2022-02-06T20:46:02","slug":"prendre-rendez-vous","status":"publish","type":"page","link":"https:\/\/mbordignon-psychologue.fr\/?page_id=25","title":{"rendered":"Prendre Rendez-vous"},"content":{"rendered":"\n<p class=\"justification_texte\">Le\npremier rendez-vous ne vous engage en rien. C&#8217;est \u00e0 la suite des\ndeux rendez-vous pr\u00e9alables que vous d\u00e9ciderez si vous souhaitez\ncontinuer l&#8217;accompagnement et \u00e0 quelle fr\u00e9quence. (Rubrique &#8220;Notre\npremi\u00e8re rencontre&#8230;et apr\u00e8s?&#8221;)<\/p>\n\n\n\n<p class=\"justification_texte\">Vous\npouvez prendre rendez-vous par t\u00e9l\u00e9phone au 07.67.60.47.12<\/p>\n\n\n\n<p class=\"justification_texte\">Il se\npeut que je sois en consultation lors de votre appel. Je vous invite\nalors \u00e0 me laisser un message sur mon r\u00e9pondeur avec vos\ncoordonn\u00e9es, et je vous recontacterai dans les plus brefs d\u00e9lais.<\/p>\n\n\n\n<p class=\"justification_texte\">Vous pouvez \u00e9galement me joindre par e-mail contact@mbordignon-psychologue.fr <\/p>\n\n\n\n<p class=\"justification_texte\">Je suis pr\u00e9sente au cabinet les mercredis et jeudis.<\/p>\n","protected":false},"excerpt":{"rendered":"<p>Le premier rendez-vous ne vous engage en rien. C&#8217;est \u00e0 la suite des deux rendez-vous pr\u00e9alables que vous d\u00e9ciderez si vous souhaitez continuer l&#8217;accompagnement et \u00e0 quelle fr\u00e9quence. (Rubrique &#8220;Notre premi\u00e8re rencontre&#8230;et apr\u00e8s?&#8221;) Vous pouvez prendre rendez-vous par t\u00e9l\u00e9phone au 07.67.60.47.12 Il se peut que je sois en consultation lors de votre appel. Je vous &hellip; <\/p>\n<p class=\"link-more\"><a href=\"https:\/\/mbordignon-psychologue.fr\/?page_id=25\" class=\"more-link\">Continue reading<span class=\"screen-reader-text\"> &#8220;Prendre Rendez-vous&#8221;<\/span><\/a><\/p>\n","protected":false},"author":1,"featured_media":0,"parent":0,"menu_order":0,"comment_status":"closed","ping_status":"closed","template":"","meta":[],"_links":{"self":[{"href":"https:\/\/mbordignon-psychologue.fr\/index.php?rest_route=\/wp\/v2\/pages\/25"}],"collection":[{"href":"https:\/\/mbordignon-psychologue.fr\/index.php?rest_route=\/wp\/v2\/pages"}],"about":[{"href":"https:\/\/mbordignon-psychologue.fr\/index.php?rest_route=\/wp\/v2\/types\/page"}],"author":[{"embeddable":true,"href":"https:\/\/mbordignon-psychologue.fr\/index.php?rest_route=\/wp\/v2\/users\/1"}],"replies":[{"embeddable":true,"href":"https:\/\/mbordignon-psychologue.fr\/index.php?rest_route=%2Fwp%2Fv2%2Fcomments&post=25"}],"version-history":[{"count":5,"href":"https:\/\/mbordignon-psychologue.fr\/index.php?rest_route=\/wp\/v2\/pages\/25\/revisions"}],"predecessor-version":[{"id":92,"href":"https:\/\/mbordignon-psychologue.fr\/index.php?rest_route=\/wp\/v2\/pages\/25\/revisions\/92"}],"wp:attachment":[{"href":"https:\/\/mbordignon-psychologue.fr\/index.php?rest_route=%2Fwp%2Fv2%2Fmedia&parent=25"}],"curies":[{"name":"wp","href":"https:\/\/api.w.org\/{rel}","templated":true}]}}