{"id":27,"date":"2019-09-06T09:43:51","date_gmt":"2019-09-06T07:43:51","guid":{"rendered":"http:\/\/mbordignon-psychologue.fr\/?page_id=27"},"modified":"2022-02-05T12:06:00","modified_gmt":"2022-02-05T11:06:00","slug":"le-cabinet","status":"publish","type":"page","link":"https:\/\/mbordignon-psychologue.fr\/?page_id=27","title":{"rendered":"Le cabinet"},"content":{"rendered":"\n<figure class=\"wp-block-image\"><img decoding=\"async\" loading=\"lazy\" width=\"1024\" height=\"768\" src=\"http:\/\/mbordignon-psychologue.fr\/wp-content\/uploads\/2022\/02\/photo-cab-1024x768.jpg\" alt=\"\" class=\"wp-image-73\" srcset=\"https:\/\/mbordignon-psychologue.fr\/wp-content\/uploads\/2022\/02\/photo-cab-1024x768.jpg 1024w, https:\/\/mbordignon-psychologue.fr\/wp-content\/uploads\/2022\/02\/photo-cab-300x225.jpg 300w, https:\/\/mbordignon-psychologue.fr\/wp-content\/uploads\/2022\/02\/photo-cab-768x576.jpg 768w\" sizes=\"(max-width: 706px) 89vw, (max-width: 767px) 82vw, 740px\" \/><\/figure>\n\n\n\n<p class=\"justification_texte\">Le cabinet se situe au 1 Rue Aristide Berg\u00e8s \u00e0 Grenoble. Il est desservi par les lignes de tramways A, B et E ainsi que par la ligne de bus  C1 (arr\u00eats Alsace-Lorraine et F\u00e9lix Viallet).<\/p>\n\n\n\n<figure class=\"wp-block-image\"><a href=\"https:\/\/goo.gl\/maps\/arpn1Fr9EfLWy8Y17\"><img decoding=\"async\" loading=\"lazy\" width=\"1024\" height=\"589\" src=\"http:\/\/mbordignon-psychologue.fr\/wp-content\/uploads\/2022\/02\/1Berges-plan-1024x589.png\" alt=\"\" class=\"wp-image-74\" srcset=\"https:\/\/mbordignon-psychologue.fr\/wp-content\/uploads\/2022\/02\/1Berges-plan-1024x589.png 1024w, https:\/\/mbordignon-psychologue.fr\/wp-content\/uploads\/2022\/02\/1Berges-plan-300x173.png 300w, https:\/\/mbordignon-psychologue.fr\/wp-content\/uploads\/2022\/02\/1Berges-plan-768x442.png 768w, https:\/\/mbordignon-psychologue.fr\/wp-content\/uploads\/2022\/02\/1Berges-plan.png 1858w\" sizes=\"(max-width: 706px) 89vw, (max-width: 767px) 82vw, 740px\" \/><\/a><\/figure>\n\n\n<p><!--EndFragment--><\/p>\n<p><\/p>","protected":false},"excerpt":{"rendered":"<p>Le cabinet se situe au 1 Rue Aristide Berg\u00e8s \u00e0 Grenoble. Il est desservi par les lignes de tramways A, B et E ainsi que par la ligne de bus C1 (arr\u00eats Alsace-Lorraine et F\u00e9lix Viallet).<\/p>\n","protected":false},"author":1,"featured_media":0,"parent":0,"menu_order":0,"comment_status":"closed","ping_status":"closed","template":"","meta":[],"_links":{"self":[{"href":"https:\/\/mbordignon-psychologue.fr\/index.php?rest_route=\/wp\/v2\/pages\/27"}],"collection":[{"href":"https:\/\/mbordignon-psychologue.fr\/index.php?rest_route=\/wp\/v2\/pages"}],"about":[{"href":"https:\/\/mbordignon-psychologue.fr\/index.php?rest_route=\/wp\/v2\/types\/page"}],"author":[{"embeddable":true,"href":"https:\/\/mbordignon-psychologue.fr\/index.php?rest_route=\/wp\/v2\/users\/1"}],"replies":[{"embeddable":true,"href":"https:\/\/mbordignon-psychologue.fr\/index.php?rest_route=%2Fwp%2Fv2%2Fcomments&post=27"}],"version-history":[{"count":7,"href":"https:\/\/mbordignon-psychologue.fr\/index.php?rest_route=\/wp\/v2\/pages\/27\/revisions"}],"predecessor-version":[{"id":76,"href":"https:\/\/mbordignon-psychologue.fr\/index.php?rest_route=\/wp\/v2\/pages\/27\/revisions\/76"}],"wp:attachment":[{"href":"https:\/\/mbordignon-psychologue.fr\/index.php?rest_route=%2Fwp%2Fv2%2Fmedia&parent=27"}],"curies":[{"name":"wp","href":"https:\/\/api.w.org\/{rel}","templated":true}]}}