{"id":5,"date":"2019-09-05T14:32:53","date_gmt":"2019-09-05T12:32:53","guid":{"rendered":"http:\/\/mbordignon-psychologue.fr\/?page_id=5"},"modified":"2022-02-06T21:39:55","modified_gmt":"2022-02-06T20:39:55","slug":"qui-suis-je-%ef%bb%bf","status":"publish","type":"page","link":"https:\/\/mbordignon-psychologue.fr\/","title":{"rendered":"Qui suis-je ?\ufeff"},"content":{"rendered":"\n<p class=\"justification_texte\">Je travaille en institution sp\u00e9cialis\u00e9e dans les troubles psychiques, ainsi qu&#8217;en cabinet lib\u00e9ral \u00e0 Grenoble.  <\/p>\n\n\n\n<p class=\"justification_texte\">J&#8217;ai\nobtenu mon dipl\u00f4me de Psychologue Clinicienne \u00e0 l&#8217;universit\u00e9 de\nGrenoble, dipl\u00f4me sanctionn\u00e9 par l&#8217;obtention d&#8217;un Master 2\nprofessionnel en Psychologie Clinique et Psychopathologie (Bac+5) et\nd&#8217;un stage de professionnalisation. \n<\/p>\n\n\n\n<p class=\"justification_texte\">Mon\nexp\u00e9rience clinique ainsi que mon dipl\u00f4me de psychologue\nclinicienne me permettent de justifier du titre de psychoth\u00e9rapeute,\nvalid\u00e9 par l&#8217;Agence R\u00e9gionale de Sant\u00e9 via l&#8217;attribution d&#8217;un\nnum\u00e9ro ADELI (389308578).<\/p>\n\n\n\n<p class=\"justification_texte\">Tout au long de mon parcours professionnel, j&#8217;ai rencontr\u00e9 et accompagn\u00e9 principalement des adultes, de la fin de l&#8217;adolescence \u00e0 la s\u00e9nescence.  <\/p>\n\n\n\n<p class=\"justification_texte\">De la difficult\u00e9 \u00e0 franchir certaines grandes \u00e9tapes de la vie \u00e0 l&#8217;abord de situations faisant rupture dans l&#8217;existence (traumatisme, deuil, addiction, maladie, s\u00e9paration, burn-out&#8230;), ces accompagnements ont permis de m&#8217;ouvrir un large champ de compr\u00e9hension des probl\u00e9matiques des personnes que je re\u00e7ois.<\/p>\n\n\n\n<p class=\"justification_texte\">D&#8217;orientation\npsycho-dynamique, je m&#8217;appuie sur la th\u00e9orie psychanalytique pour\nvous aider \u00e0 identifier les sources qui provoquent les situations\np\u00e9nibles ou conflictuelles, d&#8217;en d\u00e9couvrir les m\u00e9canismes, et\nd&#8217;exp\u00e9rimenter de nouvelles mani\u00e8res de penser et d&#8217;agir.<\/p>\n\n\n\n<p class=\"justification_texte\">Ma pratique se r\u00e9f\u00e8re au <a href=\"http:\/\/www.codededeontologiedespsychologues.fr\">code de d\u00e9ontologie des psychologues<\/a>. <\/p>\n\n\n\n<p class=\"justification_texte\">Dans\nla rubrique &#8220;Notre premi\u00e8re rencontre&#8230;et apr\u00e8s ?&#8221;, vous\ntrouverez des informations vous permettant de vous repr\u00e9senter le\nd\u00e9roulement de notre premi\u00e8re rencontre, ainsi que le cadre de ma\npratique. \n<\/p>\n","protected":false},"excerpt":{"rendered":"<p>Je travaille en institution sp\u00e9cialis\u00e9e dans les troubles psychiques, ainsi qu&#8217;en cabinet lib\u00e9ral \u00e0 Grenoble. J&#8217;ai obtenu mon dipl\u00f4me de Psychologue Clinicienne \u00e0 l&#8217;universit\u00e9 de Grenoble, dipl\u00f4me sanctionn\u00e9 par l&#8217;obtention d&#8217;un Master 2 professionnel en Psychologie Clinique et Psychopathologie (Bac+5) et d&#8217;un stage de professionnalisation. Mon exp\u00e9rience clinique ainsi que mon dipl\u00f4me de psychologue clinicienne &hellip; <\/p>\n<p class=\"link-more\"><a href=\"https:\/\/mbordignon-psychologue.fr\/\" class=\"more-link\">Continue reading<span class=\"screen-reader-text\"> &#8220;Qui suis-je ?\ufeff&#8221;<\/span><\/a><\/p>\n","protected":false},"author":1,"featured_media":0,"parent":0,"menu_order":0,"comment_status":"closed","ping_status":"closed","template":"","meta":[],"_links":{"self":[{"href":"https:\/\/mbordignon-psychologue.fr\/index.php?rest_route=\/wp\/v2\/pages\/5"}],"collection":[{"href":"https:\/\/mbordignon-psychologue.fr\/index.php?rest_route=\/wp\/v2\/pages"}],"about":[{"href":"https:\/\/mbordignon-psychologue.fr\/index.php?rest_route=\/wp\/v2\/types\/page"}],"author":[{"embeddable":true,"href":"https:\/\/mbordignon-psychologue.fr\/index.php?rest_route=\/wp\/v2\/users\/1"}],"replies":[{"embeddable":true,"href":"https:\/\/mbordignon-psychologue.fr\/index.php?rest_route=%2Fwp%2Fv2%2Fcomments&post=5"}],"version-history":[{"count":6,"href":"https:\/\/mbordignon-psychologue.fr\/index.php?rest_route=\/wp\/v2\/pages\/5\/revisions"}],"predecessor-version":[{"id":86,"href":"https:\/\/mbordignon-psychologue.fr\/index.php?rest_route=\/wp\/v2\/pages\/5\/revisions\/86"}],"wp:attachment":[{"href":"https:\/\/mbordignon-psychologue.fr\/index.php?rest_route=%2Fwp%2Fv2%2Fmedia&parent=5"}],"curies":[{"name":"wp","href":"https:\/\/api.w.org\/{rel}","templated":true}]}}