{"id":6,"date":"2019-09-05T14:33:10","date_gmt":"2019-09-05T12:33:10","guid":{"rendered":"http:\/\/mbordignon-psychologue.fr\/?page_id=6"},"modified":"2022-02-06T21:40:47","modified_gmt":"2022-02-06T20:40:47","slug":"pourquoi-faire-la-demarche-de-rencontrer-un-psychologue","status":"publish","type":"page","link":"https:\/\/mbordignon-psychologue.fr\/?page_id=6","title":{"rendered":"Pourquoi consulter un psychologue ?"},"content":{"rendered":"\n<p class=\"justification_texte\">Tout un chacun rencontre, au d\u00e9tour de son chemin, des difficult\u00e9s dans sa vie sociale, affective, professionnelle, familiale&#8230; Certaines de ces difficult\u00e9s sont &#8220;surmontables&#8221;, c&#8217;est-\u00e0-dire que nous pouvons les contourner, les d\u00e9passer, les transformer seul, ou avec l&#8217;aide d&#8217;un proche.  <\/p>\n\n\n\n<p class=\"justification_texte\">Mais\nil arrive parfois que ces obstacles engendrent une douleur morale\ntelle, que nous ne pouvons en saisir le sens, que nous ne pouvons pas\nles \u00e9viter ou les surmonter. Et cette souffrance, qui peut \u00eatre\nphysique et\/ou psychique, peut parfois s&#8217;installer dans le temps,\ndevenant permanente, \u00e0 des degr\u00e9s divers. \n<\/p>\n\n\n\n<p class=\"justification_texte\">Rencontrer\nun psychologue peut \u00eatre alors un des outils pour vous accompagner\ndans votre d\u00e9marche de trouver un apaisement \u00e0 votre mal-\u00eatre, en\nfaisant le point sur vos difficult\u00e9s, ce qui vous g\u00eane, ou vous\nfait mal. \n<\/p>\n\n\n\n<p class=\"justification_texte\">Il\nn&#8217;est toutefois pas obligatoire &#8220;de se sentir au plus mal&#8221;\npour consulter un psychologue : s&#8217;interroger sur des situations\nr\u00e9currentes, apprendre \u00e0 mieux se conna\u00eetre, ou \u00e9voquer des\nquestions existentielles sur l&#8217;identit\u00e9, la sexualit\u00e9, la\nparentalit\u00e9, la vieillesse, la solitude, la maladie, la mort&#8230;,\nsont autant de raisons de pousser la porte du bureau d&#8217;un\npsychologue. \n<\/p>\n\n\n\n<p class=\"justification_texte\">Il n&#8217;y a aucun crit\u00e8re d&#8217;\u00e2ge, aucune hi\u00e9rarchisation de la souffrance morale : chaque histoire est singuli\u00e8re et doit \u00eatre entendue et respect\u00e9e comme telle.<\/p>\n","protected":false},"excerpt":{"rendered":"<p>Tout un chacun rencontre, au d\u00e9tour de son chemin, des difficult\u00e9s dans sa vie sociale, affective, professionnelle, familiale&#8230; Certaines de ces difficult\u00e9s sont &#8220;surmontables&#8221;, c&#8217;est-\u00e0-dire que nous pouvons les contourner, les d\u00e9passer, les transformer seul, ou avec l&#8217;aide d&#8217;un proche. Mais il arrive parfois que ces obstacles engendrent une douleur morale telle, que nous ne &hellip; <\/p>\n<p class=\"link-more\"><a href=\"https:\/\/mbordignon-psychologue.fr\/?page_id=6\" class=\"more-link\">Continue reading<span class=\"screen-reader-text\"> &#8220;Pourquoi consulter un psychologue ?&#8221;<\/span><\/a><\/p>\n","protected":false},"author":1,"featured_media":0,"parent":0,"menu_order":0,"comment_status":"closed","ping_status":"closed","template":"","meta":[],"_links":{"self":[{"href":"https:\/\/mbordignon-psychologue.fr\/index.php?rest_route=\/wp\/v2\/pages\/6"}],"collection":[{"href":"https:\/\/mbordignon-psychologue.fr\/index.php?rest_route=\/wp\/v2\/pages"}],"about":[{"href":"https:\/\/mbordignon-psychologue.fr\/index.php?rest_route=\/wp\/v2\/types\/page"}],"author":[{"embeddable":true,"href":"https:\/\/mbordignon-psychologue.fr\/index.php?rest_route=\/wp\/v2\/users\/1"}],"replies":[{"embeddable":true,"href":"https:\/\/mbordignon-psychologue.fr\/index.php?rest_route=%2Fwp%2Fv2%2Fcomments&post=6"}],"version-history":[{"count":6,"href":"https:\/\/mbordignon-psychologue.fr\/index.php?rest_route=\/wp\/v2\/pages\/6\/revisions"}],"predecessor-version":[{"id":87,"href":"https:\/\/mbordignon-psychologue.fr\/index.php?rest_route=\/wp\/v2\/pages\/6\/revisions\/87"}],"wp:attachment":[{"href":"https:\/\/mbordignon-psychologue.fr\/index.php?rest_route=%2Fwp%2Fv2%2Fmedia&parent=6"}],"curies":[{"name":"wp","href":"https:\/\/api.w.org\/{rel}","templated":true}]}}