{"id":7,"date":"2019-09-05T14:33:32","date_gmt":"2019-09-05T12:33:32","guid":{"rendered":"http:\/\/mbordignon-psychologue.fr\/?page_id=7"},"modified":"2022-02-05T12:09:24","modified_gmt":"2022-02-05T11:09:24","slug":"les-autres-psy","status":"publish","type":"page","link":"https:\/\/mbordignon-psychologue.fr\/?page_id=7","title":{"rendered":"Les autres &#8220;Psy&#8221;"},"content":{"rendered":"\n<p class=\"justification_texte\">Il est\nparfois difficile de se retrouver dans l&#8217;offre de soins et de\nth\u00e9rapies qui est propos\u00e9e. Psychologue ? Psychiatre ?\nPsychanalyste ? \n<\/p>\n\n\n\n<p class=\"justification_texte\">Le\nsoin psychique est commun \u00e0 l&#8217;ensemble de ces professionnels. Ils\nsont form\u00e9s \u00e0 l&#8217;\u00e9coute, \u00e0 l&#8217;\u00e9valuation ainsi qu&#8217;\u00e0\nl&#8217;accompagnement de la personne vers la recherche de solutions, de\ncompromis, de sens, pouvant lui apporter un mieux \u00eatre.<\/p>\n\n\n\n<p class=\"justification_texte\">Quelque soit son orientation th\u00e9orique (psychoth\u00e9rapeute comportementaliste, syst\u00e9micien, d&#8217;orientation psychanalytique,&#8230;), le travail du psychologue est d&#8217;abord et avant tout de mobiliser et valoriser les ressources propres \u00e0 la personne, afin de l&#8217;accompagner vers la mise en place de ses propres solutions, sans pr\u00e9juger de ce qui sera bon ou pas pour elle.  <\/p>\n\n\n\n<p class=\"justification_texte\">L&#8217;objectif\nprincipal du psychologue est l&#8217;accompagnement vers un retour \u00e0\nl&#8217;\u00e9quilibre psychique, \u00e9motionnel, et vers une plus grande\nautonomie.<\/p>\n\n\n\n<p class=\"justification_texte\">Vous pourrez trouver des informations compl\u00e8tes en cliquant <a href=\"http:\/\/www.psychologues-psychologie.net\/attachments\/article\/528\/plaquette%C2%A0psychologue%C2%A0traits%C2%A0de%C2%A0coupe.pdf\">ici <\/a><\/p>\n\n\n\n<p class=\"justification_texte\">Le\npsychanalyste, quant \u00e0 lui,  s&#8217;appuie sur la th\u00e9orie\npsychanalytique d\u00e9velopp\u00e9e par S. Freud, pour proposer un espace et\nun cadre de travail tr\u00e8s sp\u00e9cifique (fr\u00e9quence des s\u00e9ances,\nr\u00e8gles strictes au cours des entretiens&#8230;) dont l&#8217;objectif\nessentiel est la recherche de la compr\u00e9hension de ses propres\nm\u00e9canismes inconscients. \n<\/p>\n\n\n\n<p class=\"justification_texte\">Le\npsychiatre, dans une d\u00e9marche m\u00e9dicale qui lui est propre, va\ndavantage s&#8217;orienter vers une \u00e9valuation \u00e0 vis\u00e9e diagnostique,\naccompagn\u00e9e ou non d&#8217;un traitement m\u00e9dicamenteux et\/ou d&#8217;un suivi\npsychoth\u00e9rapique effectu\u00e9 par lui m\u00eame ou par un psychologue. \n<\/p>\n","protected":false},"excerpt":{"rendered":"<p>Il est parfois difficile de se retrouver dans l&#8217;offre de soins et de th\u00e9rapies qui est propos\u00e9e. Psychologue ? Psychiatre ? Psychanalyste ? Le soin psychique est commun \u00e0 l&#8217;ensemble de ces professionnels. Ils sont form\u00e9s \u00e0 l&#8217;\u00e9coute, \u00e0 l&#8217;\u00e9valuation ainsi qu&#8217;\u00e0 l&#8217;accompagnement de la personne vers la recherche de solutions, de compromis, de sens, &hellip; <\/p>\n<p class=\"link-more\"><a href=\"https:\/\/mbordignon-psychologue.fr\/?page_id=7\" class=\"more-link\">Continue reading<span class=\"screen-reader-text\"> &#8220;Les autres &#8220;Psy&#8221;&#8221;<\/span><\/a><\/p>\n","protected":false},"author":1,"featured_media":0,"parent":0,"menu_order":0,"comment_status":"closed","ping_status":"closed","template":"","meta":[],"_links":{"self":[{"href":"https:\/\/mbordignon-psychologue.fr\/index.php?rest_route=\/wp\/v2\/pages\/7"}],"collection":[{"href":"https:\/\/mbordignon-psychologue.fr\/index.php?rest_route=\/wp\/v2\/pages"}],"about":[{"href":"https:\/\/mbordignon-psychologue.fr\/index.php?rest_route=\/wp\/v2\/types\/page"}],"author":[{"embeddable":true,"href":"https:\/\/mbordignon-psychologue.fr\/index.php?rest_route=\/wp\/v2\/users\/1"}],"replies":[{"embeddable":true,"href":"https:\/\/mbordignon-psychologue.fr\/index.php?rest_route=%2Fwp%2Fv2%2Fcomments&post=7"}],"version-history":[{"count":5,"href":"https:\/\/mbordignon-psychologue.fr\/index.php?rest_route=\/wp\/v2\/pages\/7\/revisions"}],"predecessor-version":[{"id":80,"href":"https:\/\/mbordignon-psychologue.fr\/index.php?rest_route=\/wp\/v2\/pages\/7\/revisions\/80"}],"wp:attachment":[{"href":"https:\/\/mbordignon-psychologue.fr\/index.php?rest_route=%2Fwp%2Fv2%2Fmedia&parent=7"}],"curies":[{"name":"wp","href":"https:\/\/api.w.org\/{rel}","templated":true}]}}