{"id":8,"date":"2019-09-05T14:28:19","date_gmt":"2019-09-05T12:28:19","guid":{"rendered":"http:\/\/mbordignon-psychologue.fr\/?page_id=8"},"modified":"2022-02-06T21:44:09","modified_gmt":"2022-02-06T20:44:09","slug":"notre-premiere-rencontre-et-apres","status":"publish","type":"page","link":"https:\/\/mbordignon-psychologue.fr\/?page_id=8","title":{"rendered":"Notre premi\u00e8re rencontre&#8230;et apr\u00e8s ?"},"content":{"rendered":"\n<p class=\"justification_texte\">Lors\nde notre premier rendez-vous, nous \u00e9valuerons ensemble vos besoins\net le type de th\u00e9rapie qui vous conviendrait le mieux.  \n<\/p>\n\n\n\n<p class=\"justification_texte\">Si vous sentez que vous avez frapp\u00e9 \u00e0 la bonne porte mais que vous n&#8217;en \u00eates pas encore s\u00fbr, je vous proposerai de nous rencontrer une seconde fois : ces deux s\u00e9ances ont pour but de parler \u00e0 votre rythme des difficult\u00e9s que vous rencontrez, dans l&#8217;espace paisible et confidentiel du cabinet, et de la meilleure fa\u00e7on dont je pourrai vous aider. C&#8217;est aussi un temps qui vous permettra d&#8217;\u00e9valuer si vous vous sentez en confiance dans le lien et dans l&#8217;espace que je vous propose.  <\/p>\n\n\n\n<p class=\"justification_texte\">C&#8217;est \u00e0 l&#8217;issue de ces deux rendez-vous pr\u00e9alables que nous d\u00e9ciderons ensemble de la poursuite de l&#8217;accompagnement et de sa fr\u00e9quence.  <\/p>\n\n\n\n<p class=\"justification_texte\">Si vous \u00e9valuez que je ne suis pas la bonne interlocutrice pour vous, quelle qu&#8217;en soit la raison, pas d&#8217;inqui\u00e9tude ! Il faut parfois rencontrer plusieurs professionnels pour trouver le cadre et la personne qui nous convient le mieux.<\/p>\n\n\n\n<p class=\"justification_texte\">Nous\naffinerons alors ensemble vos demandes et vos besoins, afin de vous\norienter vers des professionnels qui pourraient vous aider plus\nefficacement.<\/p>\n\n\n\n<ul><li>Consultation\n\tindividuelle\n<\/li><\/ul>\n\n\n\n<p>Les\ns\u00e9ances se d\u00e9roulent en face \u00e0 face, et durent environ 45 minutes.\nCela laisse le temps \u00e0 la parole de se d\u00e9ployer, et permet\nd&#8217;approfondir les questions soulev\u00e9es en dehors de toute\npr\u00e9cipitation.<\/p>\n\n\n\n<p class=\"justification_texte\">Il\nn&#8217;est pas possible de pr\u00e9voir \u00e0 l&#8217;avance combien de s\u00e9ances il\nfaudra pour cheminer dans votre d\u00e9marche d&#8217;apaisement, de changement\nou d&#8217;introspection.<\/p>\n\n\n\n<p class=\"justification_texte\">Cependant,\nil est clair qu&#8217;il n&#8217;est pas n\u00e9cessaire de s&#8217;engager sur de longues\ndur\u00e9es : c&#8217;est vous qui restez d\u00e9cisionnaire de la poursuite ou de\nl&#8217;arr\u00eat de votre th\u00e9rapie.<\/p>\n\n\n\n<p class=\"justification_texte\">Il est\nprobable qu&#8217;\u00e0 un moment donn\u00e9, vous vous sentiez satisfait(e) de l\u00e0\no\u00f9 vous en \u00eates dans votre travail. Nous d\u00e9terminerons alors\nensemble une s\u00e9ance de cl\u00f4ture, afin de faire le point sur le\nchemin que vous avez parcouru, et de nous dire au revoir.<\/p>\n\n\n\n<ul><li>Consultation\n\tde couple\n<\/li><\/ul>\n\n\n\n<p class=\"justification_texte\">Les\ns\u00e9ances se d\u00e9roulent exclusivement en pr\u00e9sence des deux membres du\ncouple. Elles durent environ une heure. \n<\/p>\n\n\n\n<p class=\"justification_texte\">Nous\nserons deux \u00e0 vous accompagner, ma coll\u00e8gue B\u00e9n\u00e9dicte Joly,\n\u00e9galement psychologue clinicienne, et moi-m\u00eame. \n<\/p>\n\n\n\n<p class=\"justification_texte\">Pourquoi vous recevoir en bin\u00f4me ? L&#8217;attention conjointe ainsi que le fonctionnement des deux th\u00e9rapeutes, entre le &#8220;je&#8221; et le &#8220;nous&#8221;, contiennent et facilitent l&#8217;expression \u00e9motionnelle des membres du couple, et favorisent la circulation et l&#8217;analyse des mouvements psychiques \u00e9mergeant au cours de la s\u00e9ance.<\/p>\n","protected":false},"excerpt":{"rendered":"<p>Lors de notre premier rendez-vous, nous \u00e9valuerons ensemble vos besoins et le type de th\u00e9rapie qui vous conviendrait le mieux. Si vous sentez que vous avez frapp\u00e9 \u00e0 la bonne porte mais que vous n&#8217;en \u00eates pas encore s\u00fbr, je vous proposerai de nous rencontrer une seconde fois : ces deux s\u00e9ances ont pour but &hellip; <\/p>\n<p class=\"link-more\"><a href=\"https:\/\/mbordignon-psychologue.fr\/?page_id=8\" class=\"more-link\">Continue reading<span class=\"screen-reader-text\"> &#8220;Notre premi\u00e8re rencontre&#8230;et apr\u00e8s ?&#8221;<\/span><\/a><\/p>\n","protected":false},"author":1,"featured_media":0,"parent":0,"menu_order":0,"comment_status":"closed","ping_status":"closed","template":"","meta":[],"_links":{"self":[{"href":"https:\/\/mbordignon-psychologue.fr\/index.php?rest_route=\/wp\/v2\/pages\/8"}],"collection":[{"href":"https:\/\/mbordignon-psychologue.fr\/index.php?rest_route=\/wp\/v2\/pages"}],"about":[{"href":"https:\/\/mbordignon-psychologue.fr\/index.php?rest_route=\/wp\/v2\/types\/page"}],"author":[{"embeddable":true,"href":"https:\/\/mbordignon-psychologue.fr\/index.php?rest_route=\/wp\/v2\/users\/1"}],"replies":[{"embeddable":true,"href":"https:\/\/mbordignon-psychologue.fr\/index.php?rest_route=%2Fwp%2Fv2%2Fcomments&post=8"}],"version-history":[{"count":7,"href":"https:\/\/mbordignon-psychologue.fr\/index.php?rest_route=\/wp\/v2\/pages\/8\/revisions"}],"predecessor-version":[{"id":90,"href":"https:\/\/mbordignon-psychologue.fr\/index.php?rest_route=\/wp\/v2\/pages\/8\/revisions\/90"}],"wp:attachment":[{"href":"https:\/\/mbordignon-psychologue.fr\/index.php?rest_route=%2Fwp%2Fv2%2Fmedia&parent=8"}],"curies":[{"name":"wp","href":"https:\/\/api.w.org\/{rel}","templated":true}]}}